{"id":893,"date":"2026-03-14T22:02:42","date_gmt":"2026-03-14T21:02:42","guid":{"rendered":"https:\/\/www.elisehall-editions.com\/?page_id=893"},"modified":"2026-03-16T16:46:10","modified_gmt":"2026-03-16T15:46:10","slug":"edicion-de-arreglos-propios","status":"publish","type":"page","link":"https:\/\/www.elisehall-editions.com\/en\/edicion-de-arreglos-propios\/","title":{"rendered":"Arrangement Editing"},"content":{"rendered":"\t\t<div data-elementor-type=\"wp-page\" data-elementor-id=\"893\" class=\"elementor elementor-893\" data-elementor-post-type=\"page\">\n\t\t\t\t<div class=\"elementor-element elementor-element-1e9db6f e-flex e-con-boxed e-con e-parent\" data-id=\"1e9db6f\" data-element_type=\"container\" data-e-type=\"container\">\n\t\t\t\t\t<div class=\"e-con-inner\">\n\t\t\t\t<div class=\"elementor-element elementor-element-01ccab9 elementor-widget elementor-widget-heading\" data-id=\"01ccab9\" data-element_type=\"widget\" data-e-type=\"widget\" data-widget_type=\"heading.default\">\n\t\t\t\t\t<h1 class=\"elementor-heading-title elementor-size-default\">Edici\u00f3n de arreglos propios<\/h1>\t\t\t\t<\/div>\n\t\t\t\t\t<\/div>\n\t\t\t\t<\/div>\n\t\t<div class=\"elementor-element elementor-element-721233a e-flex e-con-boxed elementor-invisible e-con e-parent\" data-id=\"721233a\" data-element_type=\"container\" data-e-type=\"container\" data-settings=\"{&quot;animation&quot;:&quot;fadeInUp&quot;}\">\n\t\t\t\t\t<div class=\"e-con-inner\">\n\t\t<div class=\"elementor-element elementor-element-0447b82 e-con-full e-flex elementor-invisible e-con e-child\" data-id=\"0447b82\" data-element_type=\"container\" data-e-type=\"container\" data-settings=\"{&quot;animation&quot;:&quot;fadeInUp&quot;}\">\n\t\t\t\t<div class=\"elementor-element elementor-element-5ffb160 elementor-widget__width-inherit elementor-widget elementor-widget-image\" data-id=\"5ffb160\" data-element_type=\"widget\" data-e-type=\"widget\" data-widget_type=\"image.default\">\n\t\t\t\t\t\t\t\t\t\t\t\t\t\t\t<img fetchpriority=\"high\" decoding=\"async\" width=\"980\" height=\"654\" src=\"https:\/\/www.elisehall-editions.com\/wp-content\/uploads\/2025\/08\/MG_0190-1024x683.jpg\" class=\"attachment-large size-large wp-image-364\" alt=\"\" srcset=\"https:\/\/www.elisehall-editions.com\/wp-content\/uploads\/2025\/08\/MG_0190-1024x683.jpg 1024w, https:\/\/www.elisehall-editions.com\/wp-content\/uploads\/2025\/08\/MG_0190-300x200.jpg 300w, https:\/\/www.elisehall-editions.com\/wp-content\/uploads\/2025\/08\/MG_0190-768x512.jpg 768w, https:\/\/www.elisehall-editions.com\/wp-content\/uploads\/2025\/08\/MG_0190-1536x1024.jpg 1536w, https:\/\/www.elisehall-editions.com\/wp-content\/uploads\/2025\/08\/MG_0190-2048x1365.jpg 2048w, https:\/\/www.elisehall-editions.com\/wp-content\/uploads\/2025\/08\/MG_0190-416x277.jpg 416w\" sizes=\"(max-width: 980px) 100vw, 980px\" \/>\t\t\t\t\t\t\t\t\t\t\t\t\t\t\t<\/div>\n\t\t\t\t<div class=\"elementor-element elementor-element-dfe1eef elementor-widget elementor-widget-heading\" data-id=\"dfe1eef\" data-element_type=\"widget\" data-e-type=\"widget\" data-widget_type=\"heading.default\">\n\t\t\t\t\t<h2 class=\"elementor-heading-title elementor-size-default\"><h3 data-elementor-setting-key=\"title\" data-pen-placeholder=\"Teclea aqu\u00ed...\" style=\"line-height: 28px\"><font face=\"Montaga, sans-serif\"><span style=\"font-size: 48px\">\u00bfC\u00f3mo funciona?<\/span><\/font><span style=\"font-family: Montaga, sans-serif;font-size: 48px\"><\/span><\/h3><\/h2>\t\t\t\t<\/div>\n\t\t\t\t<div class=\"elementor-element elementor-element-73abde1 elementor-widget elementor-widget-text-editor\" data-id=\"73abde1\" data-element_type=\"widget\" data-e-type=\"widget\" data-widget_type=\"text-editor.default\">\n\t\t\t\t\t\t\t\t\t<p>Si has realizado un arreglo o transcripci\u00f3n y deseas publicarlo en\u00a0<strong>Elise Hall Editions<\/strong>, nos encargamos de preparar la partitura para que cumpla con los est\u00e1ndares editoriales.<\/p>\t\t\t\t\t\t\t\t<\/div>\n\t\t\t\t<div class=\"elementor-element elementor-element-143d448 elementor-widget elementor-widget-spacer\" data-id=\"143d448\" data-element_type=\"widget\" data-e-type=\"widget\" data-widget_type=\"spacer.default\">\n\t\t\t\t\t\t\t<div class=\"elementor-spacer\">\n\t\t\t<div class=\"elementor-spacer-inner\"><\/div>\n\t\t<\/div>\n\t\t\t\t\t\t<\/div>\n\t\t\t\t<div class=\"elementor-element elementor-element-4662d3b elementor-widget elementor-widget-text-editor\" data-id=\"4662d3b\" data-element_type=\"widget\" data-e-type=\"widget\" data-widget_type=\"text-editor.default\">\n\t\t\t\t\t\t\t\t\t<div class=\"process-grid\">\n<div class=\"process-item\">\n<div class=\"process-number\">01<\/div>\n<div class=\"process-text\">Revisi\u00f3n y limpieza de la partitura en software de notaci\u00f3n profesional.<\/div>\n<\/div>\n<div class=\"process-item\">\n<div class=\"process-number\">02<\/div>\n<div class=\"process-text\">Maquetaci\u00f3n clara y est\u00e9tica, adaptada a los criterios gr\u00e1ficos de la editorial.<\/div>\n<\/div>\n<div class=\"process-item\">\n<div class=\"process-number\">03<\/div>\n<div class=\"process-text\">Correcci\u00f3n de posibles errores de escritura para garantizar precisi\u00f3n y claridad en la partitura.<\/div>\n<\/div>\n<div class=\"process-item\">\n<div class=\"process-number\">04<\/div>\n<div class=\"process-text\">Entrega de la partitura final en PDF e incorporaci\u00f3n al cat\u00e1logo de Elise Hall Editions.<\/div>\n<\/div>\n<\/div>\t\t\t\t\t\t\t\t<\/div>\n\t\t\t\t<div class=\"elementor-element elementor-element-06c751f elementor-widget elementor-widget-spacer\" data-id=\"06c751f\" data-element_type=\"widget\" data-e-type=\"widget\" data-widget_type=\"spacer.default\">\n\t\t\t\t\t\t\t<div class=\"elementor-spacer\">\n\t\t\t<div class=\"elementor-spacer-inner\"><\/div>\n\t\t<\/div>\n\t\t\t\t\t\t<\/div>\n\t\t\t\t<div class=\"elementor-element elementor-element-7fb0bab elementor-widget elementor-widget-text-editor\" data-id=\"7fb0bab\" data-element_type=\"widget\" data-e-type=\"widget\" data-widget_type=\"text-editor.default\">\n\t\t\t\t\t\t\t\t\t<p class=\"MsoNormal\">Nuestro objetivo es que tu obra forme parte de la editorial con la misma calidad, legibilidad y coherencia gr\u00e1fica que el resto del cat\u00e1logo, manteniendo siempre tu autor\u00eda y respetando el trabajo original. Para m\u00e1s informaci\u00f3n sobre las condiciones, puedes enviarnos un mensaje a contacto@elisehall-editions.com. \u00a1Estamos aqu\u00ed para resolver tus dudas!<\/p>\t\t\t\t\t\t\t\t<\/div>\n\t\t\t\t<\/div>\n\t\t\t\t\t<\/div>\n\t\t\t\t<\/div>\n\t\t<div class=\"elementor-element elementor-element-878991b e-flex e-con-boxed e-con e-parent\" data-id=\"878991b\" data-element_type=\"container\" data-e-type=\"container\">\n\t\t\t\t\t<div class=\"e-con-inner\">\n\t\t<div class=\"elementor-element elementor-element-6f0b4de e-con-full e-flex elementor-invisible e-con e-child\" data-id=\"6f0b4de\" data-element_type=\"container\" data-e-type=\"container\" data-settings=\"{&quot;animation&quot;:&quot;fadeInUp&quot;}\">\n\t\t<div class=\"elementor-element elementor-element-2e5f143 e-con-full e-flex e-con e-child\" data-id=\"2e5f143\" data-element_type=\"container\" data-e-type=\"container\">\n\t\t<div class=\"elementor-element elementor-element-1a36cf4 e-con-full e-flex elementor-invisible e-con e-child\" data-id=\"1a36cf4\" data-element_type=\"container\" data-e-type=\"container\" data-settings=\"{&quot;background_background&quot;:&quot;classic&quot;,&quot;animation&quot;:&quot;fadeInUp&quot;}\">\n\t\t\t\t<div class=\"elementor-element elementor-element-fad9e06 elementor-widget elementor-widget-heading\" data-id=\"fad9e06\" data-element_type=\"widget\" data-e-type=\"widget\" data-widget_type=\"heading.default\">\n\t\t\t\t\t<h2 class=\"elementor-heading-title elementor-size-default\">\u00bfHablamos?<\/h2>\t\t\t\t<\/div>\n\t\t\t\t<div class=\"elementor-element elementor-element-25d21d6 elementor-widget elementor-widget-text-editor\" data-id=\"25d21d6\" data-element_type=\"widget\" data-e-type=\"widget\" data-widget_type=\"text-editor.default\">\n\t\t\t\t\t\t\t\t\t<p>Si tienes cualquier duda o petici\u00f3n, escr\u00edbenos y te responderemos lo antes posible.<\/p>\t\t\t\t\t\t\t\t<\/div>\n\t\t\t\t<div class=\"elementor-element elementor-element-fe72cda elementor-button-align-stretch elementor-widget elementor-widget-form\" data-id=\"fe72cda\" data-element_type=\"widget\" data-e-type=\"widget\" data-settings=\"{&quot;step_next_label&quot;:&quot;Next&quot;,&quot;step_previous_label&quot;:&quot;Previous&quot;,&quot;button_width&quot;:&quot;100&quot;,&quot;step_type&quot;:&quot;number_text&quot;,&quot;step_icon_shape&quot;:&quot;circle&quot;}\" data-widget_type=\"form.default\">\n\t\t\t\t\t\t\t<form class=\"elementor-form\" method=\"post\" name=\"New Form\" aria-label=\"New Form\">\n\t\t\t<input type=\"hidden\" name=\"post_id\" value=\"893\"\/>\n\t\t\t<input type=\"hidden\" name=\"form_id\" value=\"fe72cda\"\/>\n\t\t\t<input type=\"hidden\" name=\"referer_title\" value=\"Edici\u00f3n de arreglos propios\u200b\" \/>\n\n\t\t\t\t\t\t\t<input type=\"hidden\" name=\"queried_id\" value=\"893\"\/>\n\t\t\t\n\t\t\t<div class=\"elementor-form-fields-wrapper elementor-labels-above\">\n\t\t\t\t\t\t\t\t<div class=\"elementor-field-type-text elementor-field-group elementor-column elementor-field-group-name elementor-col-100 elementor-field-required elementor-mark-required\">\n\t\t\t\t\t\t\t\t\t\t\t\t<label for=\"form-field-name\" class=\"elementor-field-label\">\n\t\t\t\t\t\t\t\tNombre\t\t\t\t\t\t\t<\/label>\n\t\t\t\t\t\t\t\t\t\t\t\t\t\t<input size=\"1\" type=\"text\" name=\"form_fields[name]\" id=\"form-field-name\" class=\"elementor-field elementor-size-sm  elementor-field-textual\" placeholder=\"Escribe tu nombre y apellidos\" required=\"required\">\n\t\t\t\t\t\t\t\t\t\t\t<\/div>\n\t\t\t\t\t\t\t\t<div class=\"elementor-field-type-email elementor-field-group elementor-column elementor-field-group-email elementor-col-100 elementor-field-required elementor-mark-required\">\n\t\t\t\t\t\t\t\t\t\t\t\t<label for=\"form-field-email\" class=\"elementor-field-label\">\n\t\t\t\t\t\t\t\tCorreo electr\u00f3nico\t\t\t\t\t\t\t<\/label>\n\t\t\t\t\t\t\t\t\t\t\t\t\t\t<input size=\"1\" type=\"email\" name=\"form_fields[email]\" id=\"form-field-email\" class=\"elementor-field elementor-size-sm  elementor-field-textual\" placeholder=\"Escribe tu correo electr\u00f3nico\" required=\"required\">\n\t\t\t\t\t\t\t\t\t\t\t<\/div>\n\t\t\t\t\t\t\t\t<div class=\"elementor-field-type-textarea elementor-field-group elementor-column elementor-field-group-message elementor-col-100 elementor-field-required elementor-mark-required\">\n\t\t\t\t\t\t\t\t\t\t\t\t<label for=\"form-field-message\" class=\"elementor-field-label\">\n\t\t\t\t\t\t\t\tMensaje\t\t\t\t\t\t\t<\/label>\n\t\t\t\t\t\t<textarea class=\"elementor-field-textual elementor-field  elementor-size-sm\" name=\"form_fields[message]\" id=\"form-field-message\" rows=\"4\" placeholder=\"Escribe tu mensaje\" required=\"required\"><\/textarea>\t\t\t\t<\/div>\n\t\t\t\t\t\t\t\t<div class=\"elementor-field-type-acceptance elementor-field-group elementor-column elementor-field-group-field_4b0e7bc elementor-col-100 elementor-field-required elementor-mark-required\">\n\t\t\t\t\t\t\t<div class=\"elementor-field-subgroup\">\n\t\t\t<span class=\"elementor-field-option\">\n\t\t\t\t<input type=\"checkbox\" name=\"form_fields[field_4b0e7bc]\" id=\"form-field-field_4b0e7bc\" class=\"elementor-field elementor-size-sm  elementor-acceptance-field\" required=\"required\">\n\t\t\t\t<label for=\"form-field-field_4b0e7bc\">Acepto la  <a href=\"https:\/\/www.elisehall-editions.com\/politica-privacidad\/\">Pol\u00edtica de privacidad<\/a><\/label>\t\t\t<\/span>\n\t\t<\/div>\n\t\t\t\t\t\t<\/div>\n\t\t\t\t\t\t\t\t<div class=\"elementor-field-group elementor-column elementor-field-type-submit elementor-col-100 e-form__buttons\">\n\t\t\t\t\t<button class=\"elementor-button elementor-size-md\" type=\"submit\">\n\t\t\t\t\t\t<span class=\"elementor-button-content-wrapper\">\n\t\t\t\t\t\t\t\t\t\t\t\t\t\t\t\t\t\t\t\t\t\t<span class=\"elementor-button-text\">Enviar<\/span>\n\t\t\t\t\t\t\t\t\t\t\t\t\t<\/span>\n\t\t\t\t\t<\/button>\n\t\t\t\t<\/div>\n\t\t\t<\/div>\n\t\t<\/form>\n\t\t\t\t\t\t<\/div>\n\t\t\t\t<\/div>\n\t\t<div class=\"elementor-element elementor-element-da30480 e-con-full e-flex elementor-invisible e-con e-child\" data-id=\"da30480\" data-element_type=\"container\" data-e-type=\"container\" data-settings=\"{&quot;animation&quot;:&quot;fadeInUp&quot;}\">\n\t\t\t\t<div class=\"elementor-element elementor-element-acfb766 elementor-widget elementor-widget-heading\" data-id=\"acfb766\" data-element_type=\"widget\" data-e-type=\"widget\" data-widget_type=\"heading.default\">\n\t\t\t\t\t<h2 class=\"elementor-heading-title elementor-size-default\">\u00bfTienes alguna pregunta o propuesta?<\/h2>\t\t\t\t<\/div>\n\t\t\t\t<div class=\"elementor-element elementor-element-75c7314 elementor-widget elementor-widget-text-editor\" data-id=\"75c7314\" data-element_type=\"widget\" data-e-type=\"widget\" data-widget_type=\"text-editor.default\">\n\t\t\t\t\t\t\t\t\t<p>En <strong data-start=\"189\" data-end=\"212\">Elise Hall Editions<\/strong> trabajamos para ofrecer ediciones cuidadas y adaptadas al saxof\u00f3n, pensadas para int\u00e9rpretes que buscan calidad y fiabilidad. Si quieres m\u00e1s informaci\u00f3n, proponer una colaboraci\u00f3n o comentar una idea, \u00a1escr\u00edbenos! Estaremos encantados de leerte.<\/p>\t\t\t\t\t\t\t\t<\/div>\n\t\t\t\t<div class=\"elementor-element elementor-element-87d4768 elementor-align-start elementor-widget-mobile__width-initial elementor-icon-list--layout-traditional elementor-list-item-link-full_width elementor-widget elementor-widget-icon-list\" data-id=\"87d4768\" data-element_type=\"widget\" data-e-type=\"widget\" data-widget_type=\"icon-list.default\">\n\t\t\t\t\t\t\t<ul class=\"elementor-icon-list-items\">\n\t\t\t\t\t\t\t<li class=\"elementor-icon-list-item\">\n\t\t\t\t\t\t\t\t\t\t\t<span class=\"elementor-icon-list-icon\">\n\t\t\t\t\t\t\t<svg aria-hidden=\"true\" class=\"e-font-icon-svg e-far-envelope\" viewBox=\"0 0 512 512\" xmlns=\"http:\/\/www.w3.org\/2000\/svg\"><path d=\"M464 64H48C21.49 64 0 85.49 0 112v288c0 26.51 21.49 48 48 48h416c26.51 0 48-21.49 48-48V112c0-26.51-21.49-48-48-48zm0 48v40.805c-22.422 18.259-58.168 46.651-134.587 106.49-16.841 13.247-50.201 45.072-73.413 44.701-23.208.375-56.579-31.459-73.413-44.701C106.18 199.465 70.425 171.067 48 152.805V112h416zM48 400V214.398c22.914 18.251 55.409 43.862 104.938 82.646 21.857 17.205 60.134 55.186 103.062 54.955 42.717.231 80.509-37.199 103.053-54.947 49.528-38.783 82.032-64.401 104.947-82.653V400H48z\"><\/path><\/svg>\t\t\t\t\t\t<\/span>\n\t\t\t\t\t\t\t\t\t\t<span class=\"elementor-icon-list-text\">contacto@elisehall-editions.com<\/span>\n\t\t\t\t\t\t\t\t\t<\/li>\n\t\t\t\t\t\t<\/ul>\n\t\t\t\t\t\t<\/div>\n\t\t\t\t<\/div>\n\t\t\t\t<\/div>\n\t\t\t\t<\/div>\n\t\t\t\t\t<\/div>\n\t\t\t\t<\/div>\n\t\t\t\t<\/div>\n\t\t","protected":false},"excerpt":{"rendered":"<p>Edici\u00f3n de arreglos propios \u00bfC\u00f3mo funciona? Si has realizado un arreglo o transcripci\u00f3n y deseas publicarlo en\u00a0Elise Hall Editions, nos encargamos de preparar la partitura para que cumpla con los est\u00e1ndares editoriales. 01 Revisi\u00f3n y limpieza de la partitura en software de notaci\u00f3n profesional. 02 Maquetaci\u00f3n clara y est\u00e9tica, adaptada a los criterios gr\u00e1ficos de [&hellip;]<\/p>\n","protected":false},"author":1,"featured_media":0,"parent":0,"menu_order":0,"comment_status":"closed","ping_status":"closed","template":"","meta":{"footnotes":""},"class_list":["post-893","page","type-page","status-publish","hentry"],"_links":{"self":[{"href":"https:\/\/www.elisehall-editions.com\/en\/wp-json\/wp\/v2\/pages\/893","targetHints":{"allow":["GET"]}}],"collection":[{"href":"https:\/\/www.elisehall-editions.com\/en\/wp-json\/wp\/v2\/pages"}],"about":[{"href":"https:\/\/www.elisehall-editions.com\/en\/wp-json\/wp\/v2\/types\/page"}],"author":[{"embeddable":true,"href":"https:\/\/www.elisehall-editions.com\/en\/wp-json\/wp\/v2\/users\/1"}],"replies":[{"embeddable":true,"href":"https:\/\/www.elisehall-editions.com\/en\/wp-json\/wp\/v2\/comments?post=893"}],"version-history":[{"count":31,"href":"https:\/\/www.elisehall-editions.com\/en\/wp-json\/wp\/v2\/pages\/893\/revisions"}],"predecessor-version":[{"id":1067,"href":"https:\/\/www.elisehall-editions.com\/en\/wp-json\/wp\/v2\/pages\/893\/revisions\/1067"}],"wp:attachment":[{"href":"https:\/\/www.elisehall-editions.com\/en\/wp-json\/wp\/v2\/media?parent=893"}],"curies":[{"name":"wp","href":"https:\/\/api.w.org\/{rel}","templated":true}]}}