{"id":151,"date":"2025-07-30T18:40:34","date_gmt":"2025-07-30T16:40:34","guid":{"rendered":"https:\/\/www.elisehall-editions.com\/?page_id=151"},"modified":"2026-04-11T12:24:30","modified_gmt":"2026-04-11T10:24:30","slug":"servicios","status":"publish","type":"page","link":"https:\/\/www.elisehall-editions.com\/en\/servicios\/","title":{"rendered":"Custom arrangements"},"content":{"rendered":"\t\t<div data-elementor-type=\"wp-page\" data-elementor-id=\"151\" class=\"elementor elementor-151\" data-elementor-post-type=\"page\">\n\t\t\t\t<div class=\"elementor-element elementor-element-ceaa102 e-flex e-con-boxed elementor-invisible e-con e-parent\" data-id=\"ceaa102\" data-element_type=\"container\" data-e-type=\"container\" data-settings=\"{&quot;animation&quot;:&quot;fadeInUp&quot;}\">\n\t\t\t\t\t<div class=\"e-con-inner\">\n\t\t\t\t<div class=\"elementor-element elementor-element-d9f8d3b elementor-widget elementor-widget-heading\" data-id=\"d9f8d3b\" data-element_type=\"widget\" data-e-type=\"widget\" data-widget_type=\"heading.default\">\n\t\t\t\t\t<h1 class=\"elementor-heading-title elementor-size-default\">Arreglos por encargo<\/h1>\t\t\t\t<\/div>\n\t\t\t\t<div class=\"elementor-element elementor-element-79b86e5 elementor-widget elementor-widget-text-editor\" data-id=\"79b86e5\" data-element_type=\"widget\" data-e-type=\"widget\" data-widget_type=\"text-editor.default\">\n\t\t\t\t\t\t\t\t\t<p>Adem\u00e1s del cat\u00e1logo de partituras, en <strong>Elise Hall Editions<\/strong> ofrecemos servicios personalizados para saxofonistas que buscan ampliar su repertorio con transcripciones y arreglos de calidad, adaptados a sus necesidades.<\/p>\t\t\t\t\t\t\t\t<\/div>\n\t\t\t\t\t<\/div>\n\t\t\t\t<\/div>\n\t\t<div class=\"elementor-element elementor-element-0f265a5 e-flex e-con-boxed elementor-invisible e-con e-parent\" data-id=\"0f265a5\" data-element_type=\"container\" data-e-type=\"container\" data-settings=\"{&quot;animation&quot;:&quot;fadeInUp&quot;}\">\n\t\t\t\t\t<div class=\"e-con-inner\">\n\t\t\t\t<div class=\"elementor-element elementor-element-0cd764e elementor-widget__width-inherit elementor-widget elementor-widget-image\" data-id=\"0cd764e\" data-element_type=\"widget\" data-e-type=\"widget\" data-widget_type=\"image.default\">\n\t\t\t\t\t\t\t\t\t\t\t\t\t\t\t<img fetchpriority=\"high\" decoding=\"async\" width=\"980\" height=\"654\" src=\"https:\/\/www.elisehall-editions.com\/wp-content\/uploads\/2025\/08\/MG_0156-1024x683.jpg\" class=\"attachment-large size-large wp-image-359\" alt=\"\" srcset=\"https:\/\/www.elisehall-editions.com\/wp-content\/uploads\/2025\/08\/MG_0156-1024x683.jpg 1024w, https:\/\/www.elisehall-editions.com\/wp-content\/uploads\/2025\/08\/MG_0156-300x200.jpg 300w, https:\/\/www.elisehall-editions.com\/wp-content\/uploads\/2025\/08\/MG_0156-768x512.jpg 768w, https:\/\/www.elisehall-editions.com\/wp-content\/uploads\/2025\/08\/MG_0156-1536x1024.jpg 1536w, https:\/\/www.elisehall-editions.com\/wp-content\/uploads\/2025\/08\/MG_0156-2048x1365.jpg 2048w, https:\/\/www.elisehall-editions.com\/wp-content\/uploads\/2025\/08\/MG_0156-416x277.jpg 416w\" sizes=\"(max-width: 980px) 100vw, 980px\" \/>\t\t\t\t\t\t\t\t\t\t\t\t\t\t\t<\/div>\n\t\t\t\t<div class=\"elementor-element elementor-element-e5e04e0 elementor-widget elementor-widget-heading\" data-id=\"e5e04e0\" data-element_type=\"widget\" data-e-type=\"widget\" data-widget_type=\"heading.default\">\n\t\t\t\t\t<h2 class=\"elementor-heading-title elementor-size-default\">\u00bfC\u00f3mo funciona?<\/h2>\t\t\t\t<\/div>\n\t\t\t\t<div class=\"elementor-element elementor-element-ad1adaf elementor-widget elementor-widget-text-editor\" data-id=\"ad1adaf\" data-element_type=\"widget\" data-e-type=\"widget\" data-widget_type=\"text-editor.default\">\n\t\t\t\t\t\t\t\t\t<p>\u00bfQuieres tocar o programar una obra pero no encuentras el arreglo? Realizamos transcripciones y arreglos de las obras que necesites, para cualquier tipo de instrumentaci\u00f3n: saxof\u00f3n solo, con piano, m\u00fasica de c\u00e1mara, ensemble, etc. Realizamos nuestras partituras con rigor y cuidado, trabajando siempre que sea posible con ediciones de referencia que aseguren la fiabilidad. Adem\u00e1s, nos aseguramos de que la transcripci\u00f3n o arreglo se adapte perfectamente al saxof\u00f3n, respetando el estilo y car\u00e1cter de la obra original.<\/p>\t\t\t\t\t\t\t\t<\/div>\n\t\t\t\t<div class=\"elementor-element elementor-element-06f4bd5 elementor-widget elementor-widget-text-editor\" data-id=\"06f4bd5\" data-element_type=\"widget\" data-e-type=\"widget\" data-widget_type=\"text-editor.default\">\n\t\t\t\t\t\t\t\t\t<div class=\"process-grid\">\n<div class=\"process-item\">\n<div class=\"process-number\">01<\/div>\n<div class=\"process-text\">Nos env\u00edas la propuesta y los detalles de lo que necesitas a contacto@elisehall-editions.com.<\/div>\n<\/div>\n<div class=\"process-item\">\n<div class=\"process-number\">02<\/div>\n<div class=\"process-text\">Valoramos la viabilidad del arreglo y concretamos las condiciones del trabajo.<\/div>\n<\/div>\n<div class=\"process-item\">\n<div class=\"process-number\">03<\/div>\n<div class=\"process-text\">Durante el proceso de realizaci\u00f3n, mantenemos comunicaci\u00f3n contigo para consultar y consensuar decisiones relevantes de la adaptaci\u00f3n.<\/div>\n<\/div>\n<div class=\"process-item\">\n<div class=\"process-number\">04<\/div>\n<div class=\"process-text\">Una vez finalizado, entregamos la partitura en formato digital (PDF), lista para interpretar.<\/div>\n<\/div>\n<\/div>\t\t\t\t\t\t\t\t<\/div>\n\t\t\t\t\t<\/div>\n\t\t\t\t<\/div>\n\t\t<div class=\"elementor-element elementor-element-64082a0 e-flex e-con-boxed e-con e-parent\" data-id=\"64082a0\" data-element_type=\"container\" data-e-type=\"container\">\n\t\t\t\t\t<div class=\"e-con-inner\">\n\t\t\t\t<div class=\"elementor-element elementor-element-408315d elementor-widget elementor-widget-spacer\" data-id=\"408315d\" data-element_type=\"widget\" data-e-type=\"widget\" data-widget_type=\"spacer.default\">\n\t\t\t\t\t\t\t<div class=\"elementor-spacer\">\n\t\t\t<div class=\"elementor-spacer-inner\"><\/div>\n\t\t<\/div>\n\t\t\t\t\t\t<\/div>\n\t\t\t\t\t<\/div>\n\t\t\t\t<\/div>\n\t\t<div class=\"elementor-element elementor-element-cf7c7b7 e-flex e-con-boxed e-con e-parent\" data-id=\"cf7c7b7\" data-element_type=\"container\" data-e-type=\"container\">\n\t\t\t\t\t<div class=\"e-con-inner\">\n\t\t<div class=\"elementor-element elementor-element-9472d39 e-con-full e-flex elementor-invisible e-con e-child\" data-id=\"9472d39\" data-element_type=\"container\" data-e-type=\"container\" data-settings=\"{&quot;animation&quot;:&quot;fadeInUp&quot;}\">\n\t\t<div class=\"elementor-element elementor-element-aa030b2 e-con-full e-flex e-con e-child\" data-id=\"aa030b2\" data-element_type=\"container\" data-e-type=\"container\">\n\t\t<div class=\"elementor-element elementor-element-93830ef e-con-full e-flex elementor-invisible e-con e-child\" data-id=\"93830ef\" data-element_type=\"container\" data-e-type=\"container\" data-settings=\"{&quot;background_background&quot;:&quot;classic&quot;,&quot;animation&quot;:&quot;fadeInUp&quot;}\">\n\t\t\t\t<div class=\"elementor-element elementor-element-8b14c4b elementor-widget elementor-widget-heading\" data-id=\"8b14c4b\" data-element_type=\"widget\" data-e-type=\"widget\" data-widget_type=\"heading.default\">\n\t\t\t\t\t<h2 class=\"elementor-heading-title elementor-size-default\">\u00bfHablamos?<\/h2>\t\t\t\t<\/div>\n\t\t\t\t<div class=\"elementor-element elementor-element-378e278 elementor-widget elementor-widget-text-editor\" data-id=\"378e278\" data-element_type=\"widget\" data-e-type=\"widget\" data-widget_type=\"text-editor.default\">\n\t\t\t\t\t\t\t\t\t<p>Si tienes cualquier duda o petici\u00f3n, escr\u00edbenos y te responderemos lo antes posible.<\/p>\t\t\t\t\t\t\t\t<\/div>\n\t\t\t\t<div class=\"elementor-element elementor-element-7075279 elementor-button-align-stretch elementor-widget elementor-widget-form\" data-id=\"7075279\" data-element_type=\"widget\" data-e-type=\"widget\" data-settings=\"{&quot;step_next_label&quot;:&quot;Next&quot;,&quot;step_previous_label&quot;:&quot;Previous&quot;,&quot;button_width&quot;:&quot;100&quot;,&quot;step_type&quot;:&quot;number_text&quot;,&quot;step_icon_shape&quot;:&quot;circle&quot;}\" data-widget_type=\"form.default\">\n\t\t\t\t\t\t\t<form class=\"elementor-form\" method=\"post\" name=\"New Form\" aria-label=\"New Form\">\n\t\t\t<input type=\"hidden\" name=\"post_id\" value=\"151\"\/>\n\t\t\t<input type=\"hidden\" name=\"form_id\" value=\"7075279\"\/>\n\t\t\t<input type=\"hidden\" name=\"referer_title\" value=\"Arreglos por encargo\" \/>\n\n\t\t\t\t\t\t\t<input type=\"hidden\" name=\"queried_id\" value=\"151\"\/>\n\t\t\t\n\t\t\t<div class=\"elementor-form-fields-wrapper elementor-labels-above\">\n\t\t\t\t\t\t\t\t<div class=\"elementor-field-type-text elementor-field-group elementor-column elementor-field-group-name elementor-col-100 elementor-field-required elementor-mark-required\">\n\t\t\t\t\t\t\t\t\t\t\t\t<label for=\"form-field-name\" class=\"elementor-field-label\">\n\t\t\t\t\t\t\t\tNombre\t\t\t\t\t\t\t<\/label>\n\t\t\t\t\t\t\t\t\t\t\t\t\t\t<input size=\"1\" type=\"text\" name=\"form_fields[name]\" id=\"form-field-name\" class=\"elementor-field elementor-size-sm  elementor-field-textual\" placeholder=\"Escribe tu nombre y apellidos\" required=\"required\">\n\t\t\t\t\t\t\t\t\t\t\t<\/div>\n\t\t\t\t\t\t\t\t<div class=\"elementor-field-type-email elementor-field-group elementor-column elementor-field-group-email elementor-col-100 elementor-field-required elementor-mark-required\">\n\t\t\t\t\t\t\t\t\t\t\t\t<label for=\"form-field-email\" class=\"elementor-field-label\">\n\t\t\t\t\t\t\t\tCorreo electr\u00f3nico\t\t\t\t\t\t\t<\/label>\n\t\t\t\t\t\t\t\t\t\t\t\t\t\t<input size=\"1\" type=\"email\" name=\"form_fields[email]\" id=\"form-field-email\" class=\"elementor-field elementor-size-sm  elementor-field-textual\" placeholder=\"Escribe tu correo electr\u00f3nico\" required=\"required\">\n\t\t\t\t\t\t\t\t\t\t\t<\/div>\n\t\t\t\t\t\t\t\t<div class=\"elementor-field-type-textarea elementor-field-group elementor-column elementor-field-group-message elementor-col-100 elementor-field-required elementor-mark-required\">\n\t\t\t\t\t\t\t\t\t\t\t\t<label for=\"form-field-message\" class=\"elementor-field-label\">\n\t\t\t\t\t\t\t\tMensaje\t\t\t\t\t\t\t<\/label>\n\t\t\t\t\t\t<textarea class=\"elementor-field-textual elementor-field  elementor-size-sm\" name=\"form_fields[message]\" id=\"form-field-message\" rows=\"4\" placeholder=\"Escribe tu mensaje\" required=\"required\"><\/textarea>\t\t\t\t<\/div>\n\t\t\t\t\t\t\t\t<div class=\"elementor-field-type-acceptance elementor-field-group elementor-column elementor-field-group-field_4b0e7bc elementor-col-100 elementor-field-required elementor-mark-required\">\n\t\t\t\t\t\t\t<div class=\"elementor-field-subgroup\">\n\t\t\t<span class=\"elementor-field-option\">\n\t\t\t\t<input type=\"checkbox\" name=\"form_fields[field_4b0e7bc]\" id=\"form-field-field_4b0e7bc\" class=\"elementor-field elementor-size-sm  elementor-acceptance-field\" required=\"required\">\n\t\t\t\t<label for=\"form-field-field_4b0e7bc\">Acepto la  <a href=\"https:\/\/www.elisehall-editions.com\/politica-privacidad\/\">Pol\u00edtica de privacidad<\/a><\/label>\t\t\t<\/span>\n\t\t<\/div>\n\t\t\t\t\t\t<\/div>\n\t\t\t\t\t\t\t\t<div class=\"elementor-field-group elementor-column elementor-field-type-submit elementor-col-100 e-form__buttons\">\n\t\t\t\t\t<button class=\"elementor-button elementor-size-md\" type=\"submit\">\n\t\t\t\t\t\t<span class=\"elementor-button-content-wrapper\">\n\t\t\t\t\t\t\t\t\t\t\t\t\t\t\t\t\t\t\t\t\t\t<span class=\"elementor-button-text\">Enviar<\/span>\n\t\t\t\t\t\t\t\t\t\t\t\t\t<\/span>\n\t\t\t\t\t<\/button>\n\t\t\t\t<\/div>\n\t\t\t<\/div>\n\t\t<\/form>\n\t\t\t\t\t\t<\/div>\n\t\t\t\t<\/div>\n\t\t<div class=\"elementor-element elementor-element-a814d96 e-con-full e-flex elementor-invisible e-con e-child\" data-id=\"a814d96\" data-element_type=\"container\" data-e-type=\"container\" data-settings=\"{&quot;animation&quot;:&quot;fadeInUp&quot;}\">\n\t\t\t\t<div class=\"elementor-element elementor-element-2907641 elementor-widget elementor-widget-heading\" data-id=\"2907641\" data-element_type=\"widget\" data-e-type=\"widget\" data-widget_type=\"heading.default\">\n\t\t\t\t\t<h2 class=\"elementor-heading-title elementor-size-default\">\u00bfTienes alguna pregunta o propuesta?<\/h2>\t\t\t\t<\/div>\n\t\t\t\t<div class=\"elementor-element elementor-element-7b8c203 elementor-widget elementor-widget-text-editor\" data-id=\"7b8c203\" data-element_type=\"widget\" data-e-type=\"widget\" data-widget_type=\"text-editor.default\">\n\t\t\t\t\t\t\t\t\t<p>En <strong data-start=\"189\" data-end=\"212\">Elise Hall Editions<\/strong> trabajamos para ofrecer ediciones cuidadas y adaptadas al saxof\u00f3n, pensadas para int\u00e9rpretes que buscan calidad y fiabilidad. Si quieres m\u00e1s informaci\u00f3n, proponer una colaboraci\u00f3n o comentar una idea, \u00a1escr\u00edbenos! Estaremos encantados de leerte.<\/p>\t\t\t\t\t\t\t\t<\/div>\n\t\t\t\t<div class=\"elementor-element elementor-element-729d39b elementor-align-start elementor-widget-mobile__width-initial elementor-icon-list--layout-traditional elementor-list-item-link-full_width elementor-widget elementor-widget-icon-list\" data-id=\"729d39b\" data-element_type=\"widget\" data-e-type=\"widget\" data-widget_type=\"icon-list.default\">\n\t\t\t\t\t\t\t<ul class=\"elementor-icon-list-items\">\n\t\t\t\t\t\t\t<li class=\"elementor-icon-list-item\">\n\t\t\t\t\t\t\t\t\t\t\t<span class=\"elementor-icon-list-icon\">\n\t\t\t\t\t\t\t<svg aria-hidden=\"true\" class=\"e-font-icon-svg e-far-envelope\" viewBox=\"0 0 512 512\" xmlns=\"http:\/\/www.w3.org\/2000\/svg\"><path d=\"M464 64H48C21.49 64 0 85.49 0 112v288c0 26.51 21.49 48 48 48h416c26.51 0 48-21.49 48-48V112c0-26.51-21.49-48-48-48zm0 48v40.805c-22.422 18.259-58.168 46.651-134.587 106.49-16.841 13.247-50.201 45.072-73.413 44.701-23.208.375-56.579-31.459-73.413-44.701C106.18 199.465 70.425 171.067 48 152.805V112h416zM48 400V214.398c22.914 18.251 55.409 43.862 104.938 82.646 21.857 17.205 60.134 55.186 103.062 54.955 42.717.231 80.509-37.199 103.053-54.947 49.528-38.783 82.032-64.401 104.947-82.653V400H48z\"><\/path><\/svg>\t\t\t\t\t\t<\/span>\n\t\t\t\t\t\t\t\t\t\t<span class=\"elementor-icon-list-text\">contacto@elisehall-editions.com<\/span>\n\t\t\t\t\t\t\t\t\t<\/li>\n\t\t\t\t\t\t<\/ul>\n\t\t\t\t\t\t<\/div>\n\t\t\t\t<\/div>\n\t\t\t\t<\/div>\n\t\t\t\t<\/div>\n\t\t\t\t\t<\/div>\n\t\t\t\t<\/div>\n\t\t\t\t<\/div>\n\t\t","protected":false},"excerpt":{"rendered":"<p>Arreglos por encargo Adem\u00e1s del cat\u00e1logo de partituras, en Elise Hall Editions ofrecemos servicios personalizados para saxofonistas que buscan ampliar su repertorio con transcripciones y arreglos de calidad, adaptados a sus necesidades. \u00bfC\u00f3mo funciona? \u00bfQuieres tocar o programar una obra pero no encuentras el arreglo? Realizamos transcripciones y arreglos de las obras que necesites, para [&hellip;]<\/p>\n","protected":false},"author":1,"featured_media":0,"parent":0,"menu_order":0,"comment_status":"closed","ping_status":"closed","template":"","meta":{"footnotes":""},"class_list":["post-151","page","type-page","status-publish","hentry"],"_links":{"self":[{"href":"https:\/\/www.elisehall-editions.com\/en\/wp-json\/wp\/v2\/pages\/151","targetHints":{"allow":["GET"]}}],"collection":[{"href":"https:\/\/www.elisehall-editions.com\/en\/wp-json\/wp\/v2\/pages"}],"about":[{"href":"https:\/\/www.elisehall-editions.com\/en\/wp-json\/wp\/v2\/types\/page"}],"author":[{"embeddable":true,"href":"https:\/\/www.elisehall-editions.com\/en\/wp-json\/wp\/v2\/users\/1"}],"replies":[{"embeddable":true,"href":"https:\/\/www.elisehall-editions.com\/en\/wp-json\/wp\/v2\/comments?post=151"}],"version-history":[{"count":81,"href":"https:\/\/www.elisehall-editions.com\/en\/wp-json\/wp\/v2\/pages\/151\/revisions"}],"predecessor-version":[{"id":1137,"href":"https:\/\/www.elisehall-editions.com\/en\/wp-json\/wp\/v2\/pages\/151\/revisions\/1137"}],"wp:attachment":[{"href":"https:\/\/www.elisehall-editions.com\/en\/wp-json\/wp\/v2\/media?parent=151"}],"curies":[{"name":"wp","href":"https:\/\/api.w.org\/{rel}","templated":true}]}}